{"id":2467,"date":"2022-08-18T09:15:53","date_gmt":"2022-08-18T09:15:53","guid":{"rendered":"https:\/\/www.mctrans.com\/index\/mare-e-aereo\/"},"modified":"2022-09-26T12:45:03","modified_gmt":"2022-09-26T12:45:03","slug":"mer-et-air","status":"publish","type":"page","link":"https:\/\/www.mctrans.com\/index\/fr\/mer-et-air\/","title":{"rendered":"Mer et air"},"content":{"rendered":"<p><div class=\"fusion-fullwidth fullwidth-box fusion-builder-row-1 nonhundred-percent-fullwidth non-hundred-percent-height-scrolling fusion-equal-height-columns\" style=\"--awb-background-position:right center;--awb-border-radius-top-left:0px;--awb-border-radius-top-right:0px;--awb-border-radius-bottom-right:0px;--awb-border-radius-bottom-left:0px;--awb-padding-top:6%;--awb-padding-bottom:6%;--awb-background-color:#0a428f;--awb-flex-wrap:wrap;\" ><div class=\"fusion-builder-row fusion-row\"><div class=\"fusion-layout-column fusion_builder_column fusion-builder-column-0 fusion_builder_column_5_6 5_6 fusion-five-sixth fusion-column-first\" style=\"--awb-bg-size:cover;width:83.333333333333%;width:calc(83.333333333333% - ( ( 4% ) * 0.83333333333333 ) );margin-right: 4%;\"><div class=\"fusion-column-wrapper fusion-column-has-shadow fusion-flex-column-wrapper-legacy\"><div class=\"fusion-column-content-centered\"><div class=\"fusion-column-content\"><div class=\"fusion-text fusion-text-1\" style=\"--awb-font-size:55px;--awb-text-transform:none;\"><p><strong><span style=\"color: #ffffff;\">Par voie maritime et a\u00e9rienne, nous arrivons partout.<\/span><\/strong><\/p>\n<\/div><div class=\"fusion-image-element fusion-image-align-right in-legacy-container\" style=\"text-align:right;--awb-max-width:100px;--awb-caption-title-font-family:var(--h2_typography-font-family);--awb-caption-title-font-weight:var(--h2_typography-font-weight);--awb-caption-title-font-style:var(--h2_typography-font-style);--awb-caption-title-size:var(--h2_typography-font-size);--awb-caption-title-transform:var(--h2_typography-text-transform);--awb-caption-title-line-height:var(--h2_typography-line-height);--awb-caption-title-letter-spacing:var(--h2_typography-letter-spacing);\"><span class=\" fusion-imageframe imageframe-none imageframe-1 hover-type-none\" style=\"margin-left:25px;float:right;\"><img decoding=\"async\" width=\"1024\" height=\"949\" title=\"FIATA\" src=\"https:\/\/www.mctrans.com\/index\/wp-content\/uploads\/2022\/08\/FIATA.png\" alt class=\"img-responsive wp-image-2432\" srcset=\"https:\/\/www.mctrans.com\/index\/wp-content\/uploads\/2022\/08\/FIATA-200x185.png 200w, https:\/\/www.mctrans.com\/index\/wp-content\/uploads\/2022\/08\/FIATA-400x371.png 400w, https:\/\/www.mctrans.com\/index\/wp-content\/uploads\/2022\/08\/FIATA-600x556.png 600w, https:\/\/www.mctrans.com\/index\/wp-content\/uploads\/2022\/08\/FIATA-800x741.png 800w, https:\/\/www.mctrans.com\/index\/wp-content\/uploads\/2022\/08\/FIATA.png 1024w\" sizes=\"(max-width: 1000px) 100vw, 1024px\" \/><\/span><\/div><\/div><\/div><div class=\"fusion-clearfix\"><\/div><\/div><\/div><div class=\"fusion-layout-column fusion_builder_column fusion-builder-column-1 fusion_builder_column_1_6 1_6 fusion-one-sixth fusion-column-last fusion-no-small-visibility fusion-no-medium-visibility\" style=\"--awb-bg-size:cover;width:16.666666666667%;width:calc(16.666666666667% - ( ( 4% ) * 0.16666666666667 ) );\"><div class=\"fusion-column-wrapper fusion-column-has-shadow fusion-flex-column-wrapper-legacy\"><div class=\"fusion-column-content-centered\"><div class=\"fusion-column-content\"><div class=\"fusion-image-element fusion-image-align-center in-legacy-container\" style=\"text-align:center;--awb-caption-title-font-family:var(--h2_typography-font-family);--awb-caption-title-font-weight:var(--h2_typography-font-weight);--awb-caption-title-font-style:var(--h2_typography-font-style);--awb-caption-title-size:var(--h2_typography-font-size);--awb-caption-title-transform:var(--h2_typography-text-transform);--awb-caption-title-line-height:var(--h2_typography-line-height);--awb-caption-title-letter-spacing:var(--h2_typography-letter-spacing);\"><div class=\"imageframe-align-center\"><span class=\" fusion-imageframe imageframe-none imageframe-2 hover-type-none\"><img decoding=\"async\" width=\"400\" height=\"390\" title=\"mare-aereo\" src=\"https:\/\/www.mctrans.com\/index\/wp-content\/uploads\/2022\/08\/mare-aereo.png\" alt class=\"img-responsive wp-image-2426\" srcset=\"https:\/\/www.mctrans.com\/index\/wp-content\/uploads\/2022\/08\/mare-aereo-200x195.png 200w, https:\/\/www.mctrans.com\/index\/wp-content\/uploads\/2022\/08\/mare-aereo.png 400w\" sizes=\"(max-width: 1000px) 100vw, 400px\" \/><\/span><\/div><\/div><\/div><\/div><div class=\"fusion-clearfix\"><\/div><\/div><\/div><\/div><\/div><div class=\"fusion-fullwidth fullwidth-box fusion-builder-row-2 fusion-parallax-none nonhundred-percent-fullwidth non-hundred-percent-height-scrolling fusion-equal-height-columns\" style=\"--awb-background-position:right center;--awb-border-radius-top-left:0px;--awb-border-radius-top-right:0px;--awb-border-radius-bottom-right:0px;--awb-border-radius-bottom-left:0px;--awb-padding-top:8%;--awb-padding-bottom:6%;--awb-background-color:#f9fafc;--awb-background-image:url(&quot;https:\/\/www.mctrans.com\/index\/wp-content\/uploads\/2019\/09\/bg_strada5.jpg&quot;);--awb-background-size:cover;--awb-flex-wrap:wrap;\" ><div class=\"fusion-builder-row fusion-row\"><div class=\"fusion-layout-column fusion_builder_column fusion-builder-column-2 fusion_builder_column_1_2 1_2 fusion-one-half fusion-column-first\" style=\"--awb-bg-size:cover;width:50%;width:calc(50% - ( ( 4% ) * 0.5 ) );margin-right: 4%;\"><div class=\"fusion-column-wrapper fusion-column-has-shadow fusion-flex-column-wrapper-legacy\"><div class=\"fusion-column-content-centered\"><div class=\"fusion-column-content\"><div class=\"fusion-image-element in-legacy-container\" style=\"--awb-caption-title-font-family:var(--h2_typography-font-family);--awb-caption-title-font-weight:var(--h2_typography-font-weight);--awb-caption-title-font-style:var(--h2_typography-font-style);--awb-caption-title-size:var(--h2_typography-font-size);--awb-caption-title-transform:var(--h2_typography-text-transform);--awb-caption-title-line-height:var(--h2_typography-line-height);--awb-caption-title-letter-spacing:var(--h2_typography-letter-spacing);\"><span class=\" fusion-imageframe imageframe-none imageframe-3 hover-type-none\"><img decoding=\"async\" width=\"1000\" height=\"675\" title=\"aereo_def\" src=\"https:\/\/www.mctrans.com\/index\/wp-content\/uploads\/2022\/09\/aereo_def.jpg\" alt class=\"img-responsive wp-image-2459\" srcset=\"https:\/\/www.mctrans.com\/index\/wp-content\/uploads\/2022\/09\/aereo_def-200x135.jpg 200w, https:\/\/www.mctrans.com\/index\/wp-content\/uploads\/2022\/09\/aereo_def-400x270.jpg 400w, https:\/\/www.mctrans.com\/index\/wp-content\/uploads\/2022\/09\/aereo_def-600x405.jpg 600w, https:\/\/www.mctrans.com\/index\/wp-content\/uploads\/2022\/09\/aereo_def-800x540.jpg 800w, https:\/\/www.mctrans.com\/index\/wp-content\/uploads\/2022\/09\/aereo_def.jpg 1000w\" sizes=\"(max-width: 1000px) 100vw, 800px\" \/><\/span><\/div><\/div><\/div><div class=\"fusion-clearfix\"><\/div><\/div><\/div><div class=\"fusion-layout-column fusion_builder_column fusion-builder-column-3 fusion_builder_column_1_2 1_2 fusion-one-half fusion-column-last\" style=\"--awb-bg-size:cover;width:50%;width:calc(50% - ( ( 4% ) * 0.5 ) );\"><div class=\"fusion-column-wrapper fusion-column-has-shadow fusion-flex-column-wrapper-legacy\"><div class=\"fusion-column-content-centered\"><div class=\"fusion-column-content\"><div class=\"fusion-text fusion-text-2\" style=\"--awb-text-transform:none;\"><h3>ENVOIS A\u00c9RIENS<\/h3>\n<\/div><div class=\"fusion-text fusion-text-3\" style=\"--awb-text-transform:none;\"><p>La position g\u00e9ographique favorable de notre entreprise permet un plus large \u00e9ventail de choix strat\u00e9giques, tant sur le front de l&rsquo;importation que de l&rsquo;exportation.<\/p>\n<p>Soutenus par un vaste r\u00e9seau d&rsquo;agents, nous op\u00e9rons facilement sur les principaux hubs europ\u00e9ens au d\u00e9part de l&rsquo;Italie et de la Suisse, garantissant ainsi \u00e0 nos clients les meilleures solutions en termes de qualit\u00e9\/prix\/d\u00e9lai.<\/p>\n<p>Nous sommes \u00e9galement en mesure d&rsquo;organiser des envois crois\u00e9s avec :<\/p>\n<ul>\n<li><strong>Services consolid\u00e9s de et vers diverses destinations mondiales, garantissant des \u00e9conomies en termes de co\u00fbts et de temps.<\/strong><\/li>\n<li><strong>Services d&rsquo;importation et d&rsquo;exportation directes \u00e0 destination et en provenance du monde entier.\u00a0<\/strong><\/li>\n<\/ul>\n<p>Si une couverture d&rsquo;assurance tous risques est n\u00e9cessaire, nous pouvons fournir un devis imm\u00e9diatement.<\/p>\n<p>Demandez votre devis personnalis\u00e9<\/p>\n<\/div><div class=\"fusion-sep-clear\"><\/div><div class=\"fusion-separator fusion-full-width-sep\" style=\"margin-left: auto;margin-right: auto;margin-top:30px;width:100%;\"><\/div><div class=\"fusion-sep-clear\"><\/div><div class=\"fusion-button-wrapper fusion-alignleft\"><a class=\"fusion-button button-flat fusion-button-default-size button-default fusion-button-default button-1 fusion-button-default-span fusion-button-default-type\" target=\"_self\" href=\"\/index\/fr\/contacts\/\"><span class=\"fusion-button-icon-divider button-icon-divider-left\"><i class=\"fa-user-tie fas awb-button__icon awb-button__icon--default\" aria-hidden=\"true\"><\/i><\/span><span class=\"fusion-button-text awb-button__text awb-button__text--default fusion-button-text-left\">DEMANDEZ VOTRE DEVIS PERSONNALIS\u00c9 <\/span><\/a><\/div><\/div><\/div><div class=\"fusion-clearfix\"><\/div><\/div><\/div><\/div><\/div><div id=\"more\" class=\"fusion-container-anchor\"><div class=\"fusion-fullwidth fullwidth-box fusion-builder-row-3 nonhundred-percent-fullwidth non-hundred-percent-height-scrolling fusion-equal-height-columns\" style=\"--awb-background-position:right center;--awb-border-sizes-top:0px;--awb-border-sizes-bottom:0px;--awb-border-sizes-left:0px;--awb-border-sizes-right:0px;--awb-border-color:#0a428f;--awb-border-radius-top-left:0px;--awb-border-radius-top-right:0px;--awb-border-radius-bottom-right:0px;--awb-border-radius-bottom-left:0px;--awb-padding-top:7%;--awb-padding-bottom:7%;--awb-background-color:#dae1e8;--awb-flex-wrap:wrap;\" ><div class=\"fusion-builder-row fusion-row\"><div class=\"fusion-layout-column fusion_builder_column fusion-builder-column-4 fusion_builder_column_1_2 1_2 fusion-one-half fusion-column-first\" style=\"--awb-bg-size:cover;width:50%;width:calc(50% - ( ( 4% ) * 0.5 ) );margin-right: 4%;\"><div class=\"fusion-column-wrapper fusion-column-has-shadow fusion-flex-column-wrapper-legacy\"><div class=\"fusion-column-content-centered\"><div class=\"fusion-column-content\"><div class=\"fusion-image-element in-legacy-container\" style=\"--awb-caption-title-font-family:var(--h2_typography-font-family);--awb-caption-title-font-weight:var(--h2_typography-font-weight);--awb-caption-title-font-style:var(--h2_typography-font-style);--awb-caption-title-size:var(--h2_typography-font-size);--awb-caption-title-transform:var(--h2_typography-text-transform);--awb-caption-title-line-height:var(--h2_typography-line-height);--awb-caption-title-letter-spacing:var(--h2_typography-letter-spacing);\"><span class=\" fusion-imageframe imageframe-none imageframe-4 hover-type-none\"><img decoding=\"async\" width=\"1000\" height=\"675\" title=\"nave_def\" src=\"https:\/\/www.mctrans.com\/index\/wp-content\/uploads\/2022\/09\/nave_def.jpg\" alt class=\"img-responsive wp-image-2463\" srcset=\"https:\/\/www.mctrans.com\/index\/wp-content\/uploads\/2022\/09\/nave_def-200x135.jpg 200w, https:\/\/www.mctrans.com\/index\/wp-content\/uploads\/2022\/09\/nave_def-400x270.jpg 400w, https:\/\/www.mctrans.com\/index\/wp-content\/uploads\/2022\/09\/nave_def-600x405.jpg 600w, https:\/\/www.mctrans.com\/index\/wp-content\/uploads\/2022\/09\/nave_def-800x540.jpg 800w, https:\/\/www.mctrans.com\/index\/wp-content\/uploads\/2022\/09\/nave_def.jpg 1000w\" sizes=\"(max-width: 1000px) 100vw, 800px\" \/><\/span><\/div><div class=\"fusion-sep-clear\"><\/div><div class=\"fusion-separator fusion-full-width-sep\" style=\"margin-left: auto;margin-right: auto;margin-top:15px;width:100%;\"><\/div><div class=\"fusion-sep-clear\"><\/div><div class=\"fusion-text fusion-text-4\" style=\"--awb-text-transform:none;\"><h3>EXP\u00c9DITION DE FRET MARITIME<\/h3>\n<\/div><div class=\"fusion-text fusion-text-5\" style=\"--awb-text-transform:none;\"><p>Dans le cadre d&rsquo;un r\u00e9seau mondial, nous sommes pr\u00e9sents dans tous les terminaux portuaires et pouvons facilement traiter tout type d&rsquo;exp\u00e9dition maritime, de EXW \u00e0 Door \/ DDP, en fournissant l&rsquo;assistance et l&rsquo;attention n\u00e9cessaires ainsi que des conseils douaniers si n\u00e9cessaire.<\/p>\n<p>Nous travaillons exclusivement avec des entreprises s\u00e9lectionn\u00e9es afin de garantir le meilleur service au meilleur prix.<\/p>\n<p>Si une couverture d&rsquo;assurance tous risques est n\u00e9cessaire, nous pouvons fournir un devis imm\u00e9diatement.<\/p>\n<\/div><div class=\"fusion-sep-clear\"><\/div><div class=\"fusion-separator fusion-full-width-sep\" style=\"margin-left: auto;margin-right: auto;margin-top:15px;width:100%;\"><\/div><div class=\"fusion-sep-clear\"><\/div><div class=\"fusion-button-wrapper fusion-alignleft\"><a class=\"fusion-button button-flat fusion-button-default-size button-default fusion-button-default button-2 fusion-button-default-span fusion-button-default-type\" target=\"_self\" href=\"\/index\/fr\/contacts\/\"><span class=\"fusion-button-icon-divider button-icon-divider-left\"><i class=\"fa-user-tie fas awb-button__icon awb-button__icon--default\" aria-hidden=\"true\"><\/i><\/span><span class=\"fusion-button-text awb-button__text awb-button__text--default fusion-button-text-left\">DEMANDEZ VOTRE DEVIS PERSONNALIS\u00c9 <\/span><\/a><\/div><\/div><\/div><div class=\"fusion-clearfix\"><\/div><\/div><\/div><div class=\"fusion-layout-column fusion_builder_column fusion-builder-column-5 fusion_builder_column_1_2 1_2 fusion-one-half fusion-column-last\" style=\"--awb-padding-top:4%;--awb-bg-size:cover;width:50%;width:calc(50% - ( ( 4% ) * 0.5 ) );\"><div class=\"fusion-column-wrapper fusion-column-has-shadow fusion-flex-column-wrapper-legacy\"><div class=\"fusion-column-content-centered\"><div class=\"fusion-column-content\"><ul style=\"--awb-size:30px;--awb-line-height:51px;--awb-icon-width:51px;--awb-icon-height:51px;--awb-icon-margin:21px;--awb-content-margin:72px;--awb-circlecolor:#0a428f;--awb-circle-yes-font-size:26.4px;\" class=\"fusion-checklist fusion-checklist-1 fusion-checklist-default type-icons\"><li class=\"fusion-li-item\" style=\"\"><span class=\"icon-wrapper circle-yes\"><i class=\"fusion-li-icon fa-check-circle far\" aria-hidden=\"true\"><\/i><\/span><div class=\"fusion-li-item-content\">\n<p>Services FCL (Full Container Load)<\/p>\n<\/div><\/li><li class=\"fusion-li-item\" style=\"\"><span class=\"icon-wrapper circle-yes\"><i class=\"fusion-li-icon fa-check-circle far\" aria-hidden=\"true\"><\/i><\/span><div class=\"fusion-li-item-content\">\n<p>Services LCL (Less Container Load) Services consolid\u00e9s<\/p>\n<\/div><\/li><li class=\"fusion-li-item\" style=\"\"><span class=\"icon-wrapper circle-yes\"><i class=\"fusion-li-icon fa-check-circle far\" aria-hidden=\"true\"><\/i><\/span><div class=\"fusion-li-item-content\">\n<p>Services de collecte et de livraison en porte-\u00e0-porte<\/p>\n<\/div><\/li><li class=\"fusion-li-item\" style=\"\"><span class=\"icon-wrapper circle-yes\"><i class=\"fusion-li-icon fa-check-circle far\" aria-hidden=\"true\"><\/i><\/span><div class=\"fusion-li-item-content\">\n<p>Services de marchandises diverses et de projets avec \u00e9quipement sp\u00e9cial (open top, flat rack, conteneur de r\u00e9f\u00e9rence)<\/p>\n<\/div><\/li><li class=\"fusion-li-item\" style=\"\"><span class=\"icon-wrapper circle-yes\"><i class=\"fusion-li-icon fa-check-circle far\" aria-hidden=\"true\"><\/i><\/span><div class=\"fusion-li-item-content\">\n<p>Transport de marchandises dangereuses \/ OMI \/ ADR<\/p>\n<\/div><\/li><li class=\"fusion-li-item\" style=\"\"><span class=\"icon-wrapper circle-yes\"><i class=\"fusion-li-icon fa-check-circle far\" aria-hidden=\"true\"><\/i><\/span><div class=\"fusion-li-item-content\">\n<p>Gestion de la lettre de cr\u00e9dit avec \u00e9mission de B\/L en tant qu&rsquo;agent de transporteur<\/p>\n<\/div><\/li><li class=\"fusion-li-item\" style=\"\"><span class=\"icon-wrapper circle-yes\"><i class=\"fusion-li-icon fa-check-circle far\" aria-hidden=\"true\"><\/i><\/span><div class=\"fusion-li-item-content\">\n<p>Cr\u00e9ation et conception d&#8217;emballages \u00ab\u00a0Seaworthy\u00a0\u00bb et utilisation de produits anti-humidit\u00e9 et anti-sel (sacs barri\u00e8re, b\u00e2ches, etc.)<\/p>\n<\/div><\/li><\/ul><\/div><\/div><div class=\"fusion-clearfix\"><\/div><\/div><\/div><\/div><\/div><\/div><div class=\"fusion-fullwidth fullwidth-box fusion-builder-row-4 nonhundred-percent-fullwidth non-hundred-percent-height-scrolling fusion-equal-height-columns\" style=\"--awb-background-position:right center;--awb-border-radius-top-left:0px;--awb-border-radius-top-right:0px;--awb-border-radius-bottom-right:0px;--awb-border-radius-bottom-left:0px;--awb-padding-top:8%;--awb-padding-bottom:6%;--awb-background-color:#fffcfc;--awb-flex-wrap:wrap;\" ><div class=\"fusion-builder-row fusion-row\"><div class=\"fusion-layout-column fusion_builder_column fusion-builder-column-6 fusion_builder_column_1_4 1_4 fusion-one-fourth fusion-column-first\" style=\"--awb-bg-size:cover;width:25%;width:calc(25% - ( ( 4% + 4% ) * 0.25 ) );margin-right: 4%;\"><div class=\"fusion-column-wrapper fusion-column-has-shadow fusion-flex-column-wrapper-legacy\"><div class=\"fusion-column-content-centered\"><div class=\"fusion-column-content\"><\/div><\/div><div class=\"fusion-clearfix\"><\/div><\/div><\/div><div class=\"fusion-layout-column fusion_builder_column fusion-builder-column-7 fusion_builder_column_1_2 1_2 fusion-one-half\" style=\"--awb-bg-size:cover;width:50%;width:calc(50% - ( ( 4% + 4% ) * 0.5 ) );margin-right: 4%;\"><div class=\"fusion-column-wrapper fusion-column-has-shadow fusion-flex-column-wrapper-legacy\"><div class=\"fusion-column-content-centered\"><div class=\"fusion-column-content\"><div class=\"fusion-text fusion-text-6\" style=\"--awb-text-transform:none;\"><h3 style=\"text-align: center;\">VOUS CHERCHEZ UNE SOLUTION PERSONNALIS\u00c9E ?<\/h3>\n<\/div><div class=\"fusion-sep-clear\"><\/div><div class=\"fusion-separator fusion-full-width-sep\" style=\"margin-left: auto;margin-right: auto;margin-top:30px;width:100%;\"><\/div><div class=\"fusion-sep-clear\"><\/div><div class=\"fusion-button-wrapper fusion-aligncenter\"><a class=\"fusion-button button-flat fusion-button-default-size button-default fusion-button-default button-3 fusion-button-default-span fusion-button-default-type\" target=\"_self\" href=\"\/index\/fr\/contacts\/\"><span class=\"fusion-button-icon-divider button-icon-divider-left\"><i class=\"fa-user-tie fas awb-button__icon awb-button__icon--default\" aria-hidden=\"true\"><\/i><\/span><span class=\"fusion-button-text awb-button__text awb-button__text--default fusion-button-text-left\">FAITES CONFIANCE \u00c0 NOS CONSULTANTS<\/span><\/a><\/div><\/div><\/div><div class=\"fusion-clearfix\"><\/div><\/div><\/div><div class=\"fusion-layout-column fusion_builder_column fusion-builder-column-8 fusion_builder_column_1_4 1_4 fusion-one-fourth fusion-column-last\" style=\"--awb-bg-size:cover;width:25%;width:calc(25% - ( ( 4% + 4% ) * 0.25 ) );\"><div class=\"fusion-column-wrapper fusion-column-has-shadow fusion-flex-column-wrapper-legacy\"><div class=\"fusion-column-content-centered\"><div class=\"fusion-column-content\"><\/div><\/div><div class=\"fusion-clearfix\"><\/div><\/div><\/div><\/div><\/div><\/p>\n","protected":false},"excerpt":{"rendered":"","protected":false},"author":1,"featured_media":0,"parent":0,"menu_order":0,"comment_status":"closed","ping_status":"closed","template":"100-width.php","meta":{"footnotes":""},"class_list":["post-2467","page","type-page","status-publish","hentry"],"_links":{"self":[{"href":"https:\/\/www.mctrans.com\/index\/fr\/wp-json\/wp\/v2\/pages\/2467","targetHints":{"allow":["GET"]}}],"collection":[{"href":"https:\/\/www.mctrans.com\/index\/fr\/wp-json\/wp\/v2\/pages"}],"about":[{"href":"https:\/\/www.mctrans.com\/index\/fr\/wp-json\/wp\/v2\/types\/page"}],"author":[{"embeddable":true,"href":"https:\/\/www.mctrans.com\/index\/fr\/wp-json\/wp\/v2\/users\/1"}],"replies":[{"embeddable":true,"href":"https:\/\/www.mctrans.com\/index\/fr\/wp-json\/wp\/v2\/comments?post=2467"}],"version-history":[{"count":3,"href":"https:\/\/www.mctrans.com\/index\/fr\/wp-json\/wp\/v2\/pages\/2467\/revisions"}],"predecessor-version":[{"id":2474,"href":"https:\/\/www.mctrans.com\/index\/fr\/wp-json\/wp\/v2\/pages\/2467\/revisions\/2474"}],"wp:attachment":[{"href":"https:\/\/www.mctrans.com\/index\/fr\/wp-json\/wp\/v2\/media?parent=2467"}],"curies":[{"name":"wp","href":"https:\/\/api.w.org\/{rel}","templated":true}]}}