{"id":2002,"date":"2019-09-25T21:45:22","date_gmt":"2019-09-25T21:45:22","guid":{"rendered":"https:\/\/www.mctrans.com\/index\/archimede\/"},"modified":"2021-02-18T16:25:48","modified_gmt":"2021-02-18T16:25:48","slug":"archimede","status":"publish","type":"page","link":"https:\/\/www.mctrans.com\/index\/fr\/archimede\/","title":{"rendered":"Archimede"},"content":{"rendered":"<p><div class=\"fusion-fullwidth fullwidth-box fusion-builder-row-1 nonhundred-percent-fullwidth non-hundred-percent-height-scrolling fusion-equal-height-columns\" style=\"--awb-background-position:right center;--awb-border-radius-top-left:0px;--awb-border-radius-top-right:0px;--awb-border-radius-bottom-right:0px;--awb-border-radius-bottom-left:0px;--awb-padding-top:6%;--awb-padding-bottom:6%;--awb-background-color:#0a428f;--awb-flex-wrap:wrap;\" ><div class=\"fusion-builder-row fusion-row\"><div class=\"fusion-layout-column fusion_builder_column fusion-builder-column-0 fusion_builder_column_5_6 5_6 fusion-five-sixth fusion-column-first\" style=\"--awb-bg-size:cover;width:83.333333333333%;width:calc(83.333333333333% - ( ( 4% ) * 0.83333333333333 ) );margin-right: 4%;\"><div class=\"fusion-column-wrapper fusion-column-has-shadow fusion-flex-column-wrapper-legacy\"><div class=\"fusion-column-content-centered\"><div class=\"fusion-column-content\"><div class=\"fusion-text fusion-text-1\"><h1><span style=\"color: #ffffff;\">Simple, imm\u00e9diat et infaillible : votre archive num\u00e9rique des d\u00e9clarations en douane.<\/span><\/h1>\n<\/div><\/div><\/div><div class=\"fusion-clearfix\"><\/div><\/div><\/div><div class=\"fusion-layout-column fusion_builder_column fusion-builder-column-1 fusion_builder_column_1_6 1_6 fusion-one-sixth fusion-column-last fusion-no-small-visibility fusion-no-medium-visibility\" style=\"--awb-bg-size:cover;width:16.666666666667%;width:calc(16.666666666667% - ( ( 4% ) * 0.16666666666667 ) );\"><div class=\"fusion-column-wrapper fusion-column-has-shadow fusion-flex-column-wrapper-legacy\"><div class=\"fusion-column-content-centered\"><div class=\"fusion-column-content\"><div class=\"fusion-image-element fusion-image-align-center in-legacy-container\" style=\"text-align:center;--awb-caption-title-font-family:var(--h2_typography-font-family);--awb-caption-title-font-weight:var(--h2_typography-font-weight);--awb-caption-title-font-style:var(--h2_typography-font-style);--awb-caption-title-size:var(--h2_typography-font-size);--awb-caption-title-transform:var(--h2_typography-text-transform);--awb-caption-title-line-height:var(--h2_typography-line-height);--awb-caption-title-letter-spacing:var(--h2_typography-letter-spacing);\"><div class=\"imageframe-align-center\"><span class=\" fusion-imageframe imageframe-none imageframe-1 hover-type-none\"><img decoding=\"async\" width=\"688\" height=\"688\" title=\"icone MC Trans-08\" src=\"https:\/\/www.mctrans.com\/index\/wp-content\/uploads\/2019\/10\/icone-MC-Trans-08.png\" alt class=\"img-responsive wp-image-2015\" srcset=\"https:\/\/www.mctrans.com\/index\/wp-content\/uploads\/2019\/10\/icone-MC-Trans-08-200x200.png 200w, https:\/\/www.mctrans.com\/index\/wp-content\/uploads\/2019\/10\/icone-MC-Trans-08-400x400.png 400w, https:\/\/www.mctrans.com\/index\/wp-content\/uploads\/2019\/10\/icone-MC-Trans-08-600x600.png 600w, https:\/\/www.mctrans.com\/index\/wp-content\/uploads\/2019\/10\/icone-MC-Trans-08.png 688w\" sizes=\"(max-width: 1000px) 100vw, 400px\" \/><\/span><\/div><\/div><\/div><\/div><div class=\"fusion-clearfix\"><\/div><\/div><\/div><\/div><\/div><div class=\"fusion-fullwidth fullwidth-box fusion-builder-row-2 fusion-parallax-none nonhundred-percent-fullwidth non-hundred-percent-height-scrolling fusion-equal-height-columns\" style=\"--awb-background-position:right center;--awb-border-radius-top-left:0px;--awb-border-radius-top-right:0px;--awb-border-radius-bottom-right:0px;--awb-border-radius-bottom-left:0px;--awb-padding-top:8%;--awb-padding-bottom:6%;--awb-background-color:#ededed;--awb-background-image:url(&quot;https:\/\/www.mctrans.com\/index\/wp-content\/uploads\/2019\/09\/bg_strada5.jpg&quot;);--awb-background-size:cover;--awb-flex-wrap:wrap;\" ><div class=\"fusion-builder-row fusion-row\"><div class=\"fusion-layout-column fusion_builder_column fusion-builder-column-2 fusion_builder_column_1_2 1_2 fusion-one-half fusion-column-first\" style=\"--awb-bg-size:cover;width:50%;width:calc(50% - ( ( 4% ) * 0.5 ) );margin-right: 4%;\"><div class=\"fusion-column-wrapper fusion-column-has-shadow fusion-flex-column-wrapper-legacy\"><div class=\"fusion-column-content-centered\"><div class=\"fusion-column-content\"><div class=\"fusion-text fusion-text-2\"><p style=\"text-align: center;\"><img decoding=\"async\" class=\"wp-image-1712 alignleft\" src=\"https:\/\/www.mctrans.com\/index\/wp-content\/uploads\/2019\/10\/MC-TRANS_ARCHIMEDE_logo_rgb.png\" alt=\"\" width=\"288\" height=\"54\" srcset=\"https:\/\/www.mctrans.com\/index\/wp-content\/uploads\/2019\/10\/MC-TRANS_ARCHIMEDE_logo_rgb-200x38.png 200w, https:\/\/www.mctrans.com\/index\/wp-content\/uploads\/2019\/10\/MC-TRANS_ARCHIMEDE_logo_rgb-300x56.png 300w, https:\/\/www.mctrans.com\/index\/wp-content\/uploads\/2019\/10\/MC-TRANS_ARCHIMEDE_logo_rgb-400x75.png 400w, https:\/\/www.mctrans.com\/index\/wp-content\/uploads\/2019\/10\/MC-TRANS_ARCHIMEDE_logo_rgb-600x113.png 600w, https:\/\/www.mctrans.com\/index\/wp-content\/uploads\/2019\/10\/MC-TRANS_ARCHIMEDE_logo_rgb-768x144.png 768w, https:\/\/www.mctrans.com\/index\/wp-content\/uploads\/2019\/10\/MC-TRANS_ARCHIMEDE_logo_rgb.png 799w\" sizes=\"(max-width: 288px) 100vw, 288px\" \/><\/p>\n<\/div><div class=\"fusion-sep-clear\"><\/div><div class=\"fusion-separator fusion-full-width-sep\" style=\"margin-left: auto;margin-right: auto;margin-top:30px;width:100%;\"><\/div><div class=\"fusion-sep-clear\"><\/div><div class=\"fusion-text fusion-text-3\"><div class=\"fusion-title title fusion-sep-none fusion-title-center fusion-title-size-two fusion-border-below-title\">\n<h3 style=\"text-align: left;\">DROIT JURIDIQUE DU D\u00c9P\u00d4T \u00c9LECTRONIQUE DE TOUTES LES D\u00c9CISIONS DE TAXE \u00c0 L&rsquo;IMPORTATION.<\/h3>\n<\/div>\n<div class=\"fusion-text\">\n<p>Face \u00e0 ce changement important de base juridique, Mc Trans a d\u00e9velopp\u00e9 un moyen simple et s\u00e9curis\u00e9 de g\u00e9rer l&rsquo;archivage num\u00e9rique des d\u00e9clarations en douane.<\/p>\n<p>Nous garantissons la gestion, le stockage et la consultation 7\/7 h24 de toutes les d\u00e9cisions fiscales douani\u00e8res (droits et TVA). Le mandat garantit la confidentialit\u00e9 des donn\u00e9es stock\u00e9es dans le respect des obligations l\u00e9gales et certifie sa consultation et sa disponibilit\u00e9 \u00e0 tout moment pendant 10 ans.\n<\/p>\n<\/div>\n<\/div><div class=\"fusion-sep-clear\"><\/div><div class=\"fusion-separator fusion-full-width-sep\" style=\"margin-left: auto;margin-right: auto;margin-top:30px;width:100%;\"><\/div><div class=\"fusion-sep-clear\"><\/div><div class=\"fusion-button-wrapper fusion-alignleft\"><a class=\"fusion-button button-flat fusion-button-default-size button-default fusion-button-default button-1 fusion-button-default-span fusion-button-default-type\" target=\"_blank\" rel=\"noopener noreferrer\" href=\"https:\/\/www.sdoganamenti.ch\/index\/\"><span class=\"fusion-button-icon-divider button-icon-divider-left\"><i class=\"fa-laptop fas awb-button__icon awb-button__icon--default\" aria-hidden=\"true\"><\/i><\/span><span class=\"fusion-button-text awb-button__text awb-button__text--default fusion-button-text-left\">EN SAVOIR PLUS SUR LE SITE D\u00c9DI\u00c9<\/span><\/a><\/div><\/div><\/div><div class=\"fusion-clearfix\"><\/div><\/div><\/div><div class=\"fusion-layout-column fusion_builder_column fusion-builder-column-3 fusion_builder_column_1_2 1_2 fusion-one-half fusion-column-last\" style=\"--awb-bg-size:cover;width:50%;width:calc(50% - ( ( 4% ) * 0.5 ) );\"><div class=\"fusion-column-wrapper fusion-column-has-shadow fusion-flex-column-wrapper-legacy\"><div class=\"fusion-column-content-centered\"><div class=\"fusion-column-content\"><div class=\"fusion-image-element in-legacy-container\" style=\"--awb-caption-title-font-family:var(--h2_typography-font-family);--awb-caption-title-font-weight:var(--h2_typography-font-weight);--awb-caption-title-font-style:var(--h2_typography-font-style);--awb-caption-title-size:var(--h2_typography-font-size);--awb-caption-title-transform:var(--h2_typography-text-transform);--awb-caption-title-line-height:var(--h2_typography-line-height);--awb-caption-title-letter-spacing:var(--h2_typography-letter-spacing);\"><span class=\" fusion-imageframe imageframe-none imageframe-2 hover-type-none\"><a class=\"fusion-no-lightbox\" href=\"https:\/\/www.sdoganamenti.ch\/index\/\" target=\"_blank\" aria-label=\"archimede\" rel=\"noopener noreferrer\"><img decoding=\"async\" width=\"1000\" height=\"506\" src=\"https:\/\/www.mctrans.com\/index\/wp-content\/uploads\/2019\/11\/archimede.jpg\" alt class=\"img-responsive wp-image-2008\" srcset=\"https:\/\/www.mctrans.com\/index\/wp-content\/uploads\/2019\/11\/archimede-200x101.jpg 200w, https:\/\/www.mctrans.com\/index\/wp-content\/uploads\/2019\/11\/archimede-400x202.jpg 400w, https:\/\/www.mctrans.com\/index\/wp-content\/uploads\/2019\/11\/archimede-600x304.jpg 600w, https:\/\/www.mctrans.com\/index\/wp-content\/uploads\/2019\/11\/archimede-800x405.jpg 800w, https:\/\/www.mctrans.com\/index\/wp-content\/uploads\/2019\/11\/archimede.jpg 1000w\" sizes=\"(max-width: 1000px) 100vw, 800px\" \/><\/a><\/span><\/div><\/div><\/div><div class=\"fusion-clearfix\"><\/div><\/div><\/div><\/div><\/div><div class=\"fusion-fullwidth fullwidth-box fusion-builder-row-3 nonhundred-percent-fullwidth non-hundred-percent-height-scrolling fusion-equal-height-columns\" style=\"--awb-background-position:right center;--awb-border-sizes-top:0px;--awb-border-sizes-bottom:0px;--awb-border-sizes-left:0px;--awb-border-sizes-right:0px;--awb-border-color:#0a428f;--awb-border-radius-top-left:0px;--awb-border-radius-top-right:0px;--awb-border-radius-bottom-right:0px;--awb-border-radius-bottom-left:0px;--awb-padding-top:7%;--awb-padding-bottom:7%;--awb-background-color:#dae1e8;--awb-flex-wrap:wrap;\" ><div class=\"fusion-builder-row fusion-row\"><div class=\"fusion-layout-column fusion_builder_column fusion-builder-column-4 fusion_builder_column_1_2 1_2 fusion-one-half fusion-column-first\" style=\"--awb-bg-size:cover;width:50%;width:calc(50% - ( ( 4% ) * 0.5 ) );margin-right: 4%;\"><div class=\"fusion-column-wrapper fusion-column-has-shadow fusion-flex-column-wrapper-legacy\"><div class=\"fusion-column-content-centered\"><div class=\"fusion-column-content\"><div class=\"fusion-text fusion-text-4\"><h3>D\u00c9COUVREZ LE CONFORT D&rsquo;ARCHIMEDE.<\/h3>\n<\/div><div class=\"fusion-text fusion-text-5\"><p>Demandez l&rsquo;activation de votre compte rapidement et facilement sans engagement : l&rsquo;un de nos collaborateurs vous contactera pour vous fournir toutes les informations dont vous avez besoin pour commencer \u00e0 utiliser notre service imm\u00e9diatement.<\/p>\n<\/div><div class=\"fusion-sep-clear\"><\/div><div class=\"fusion-separator fusion-full-width-sep\" style=\"margin-left: auto;margin-right: auto;margin-top:15px;width:100%;\"><\/div><div class=\"fusion-sep-clear\"><\/div><div class=\"fusion-button-wrapper fusion-alignleft\"><a class=\"fusion-button button-flat fusion-button-default-size button-default fusion-button-default button-2 fusion-button-default-span fusion-button-default-type\" target=\"_blank\" rel=\"noopener noreferrer\" href=\"https:\/\/www.sdoganamenti.ch\/index\/#account\"><span class=\"fusion-button-icon-divider button-icon-divider-left\"><i class=\"fa-user-plus fas awb-button__icon awb-button__icon--default\" aria-hidden=\"true\"><\/i><\/span><span class=\"fusion-button-text awb-button__text awb-button__text--default fusion-button-text-left\">DEMANDEZ L&#x27;ACTIVATION DE VOTRE COMPTE<\/span><\/a><\/div><\/div><\/div><div class=\"fusion-clearfix\"><\/div><\/div><\/div><div class=\"fusion-layout-column fusion_builder_column fusion-builder-column-5 fusion_builder_column_1_2 1_2 fusion-one-half fusion-column-last\" style=\"--awb-padding-top:4%;--awb-bg-size:cover;width:50%;width:calc(50% - ( ( 4% ) * 0.5 ) );\"><div class=\"fusion-column-wrapper fusion-column-has-shadow fusion-flex-column-wrapper-legacy\"><div class=\"fusion-column-content-centered\"><div class=\"fusion-column-content\"><ul style=\"--awb-size:20px;--awb-line-height:34px;--awb-icon-width:34px;--awb-icon-height:34px;--awb-icon-margin:14px;--awb-content-margin:48px;--awb-circlecolor:#0a428f;--awb-circle-yes-font-size:17.6px;\" class=\"fusion-checklist fusion-checklist-1 fusion-checklist-default type-icons\"><li class=\"fusion-li-item\" style=\"\"><span class=\"icon-wrapper circle-yes\"><i class=\"fusion-li-icon fa-check-circle far\" aria-hidden=\"true\"><\/i><\/span><div class=\"fusion-li-item-content\"><strong>Contact direct avec la douane<\/strong> : une simple d\u00e9l\u00e9gation nous permettra de contacter la douane en votre nom et de devenir votre mandataire en d\u00e9douanement.<\/div><\/li><li class=\"fusion-li-item\" style=\"\"><span class=\"icon-wrapper circle-yes\"><i class=\"fusion-li-icon fa-check-circle far\" aria-hidden=\"true\"><\/i><\/span><div class=\"fusion-li-item-content\"><strong>Sauvegarde sur serveur MC Trans<\/strong> : prise en charge de la d\u00e9cision fiscale \u00e9lectronique &#8211; r\u00e9c\u00e9piss\u00e9 douanier (IMDE, IMIe et XML) et archivage des documents pendant 10 ans<\/div><\/li><li class=\"fusion-li-item\" style=\"\"><span class=\"icon-wrapper circle-yes\"><i class=\"fusion-li-icon fa-check-circle far\" aria-hidden=\"true\"><\/i><\/span><div class=\"fusion-li-item-content\"><strong>Acc\u00e8s \u00e0 l&rsquo;archive online<\/strong> : avec n&rsquo;importe lequel de vos appareils, vous pouvez acc\u00e9der \u00e0 tout moment \u00e0 votre archive de fichiers pour visualiser des documents (au format PDF)<\/div><\/li><\/ul><\/div><\/div><div class=\"fusion-clearfix\"><\/div><\/div><\/div><\/div><\/div><div class=\"fusion-fullwidth fullwidth-box fusion-builder-row-4 nonhundred-percent-fullwidth non-hundred-percent-height-scrolling fusion-equal-height-columns\" style=\"--awb-background-position:right center;--awb-border-radius-top-left:0px;--awb-border-radius-top-right:0px;--awb-border-radius-bottom-right:0px;--awb-border-radius-bottom-left:0px;--awb-padding-top:8%;--awb-padding-bottom:6%;--awb-background-color:#fffcfc;--awb-flex-wrap:wrap;\" ><div class=\"fusion-builder-row fusion-row\"><div class=\"fusion-layout-column fusion_builder_column fusion-builder-column-6 fusion_builder_column_1_4 1_4 fusion-one-fourth fusion-column-first\" style=\"--awb-bg-size:cover;width:25%;width:calc(25% - ( ( 4% + 4% ) * 0.25 ) );margin-right: 4%;\"><div class=\"fusion-column-wrapper fusion-column-has-shadow fusion-flex-column-wrapper-legacy\"><div class=\"fusion-column-content-centered\"><div class=\"fusion-column-content\"><\/div><\/div><div class=\"fusion-clearfix\"><\/div><\/div><\/div><div class=\"fusion-layout-column fusion_builder_column fusion-builder-column-7 fusion_builder_column_1_2 1_2 fusion-one-half\" style=\"--awb-bg-size:cover;width:50%;width:calc(50% - ( ( 4% + 4% ) * 0.5 ) );margin-right: 4%;\"><div class=\"fusion-column-wrapper fusion-column-has-shadow fusion-flex-column-wrapper-legacy\"><div class=\"fusion-column-content-centered\"><div class=\"fusion-column-content\"><div class=\"fusion-text fusion-text-6\"><h3 style=\"text-align: center;\">VOUS CHERCHEZ UNE SOLUTION PERSONNALIS\u00c9E ?<\/h3>\n<\/div><div class=\"fusion-sep-clear\"><\/div><div class=\"fusion-separator fusion-full-width-sep\" style=\"margin-left: auto;margin-right: auto;margin-top:30px;width:100%;\"><\/div><div class=\"fusion-sep-clear\"><\/div><div class=\"fusion-button-wrapper fusion-aligncenter\"><a class=\"fusion-button button-flat fusion-button-default-size button-default fusion-button-default button-3 fusion-button-default-span fusion-button-default-type\" target=\"_self\" href=\"\/index\/fr\/contatti\/\"><span class=\"fusion-button-icon-divider button-icon-divider-left\"><i class=\"fa-user-tie fas awb-button__icon awb-button__icon--default\" aria-hidden=\"true\"><\/i><\/span><span class=\"fusion-button-text awb-button__text awb-button__text--default fusion-button-text-left\">FAITES CONFIANCE \u00c0 NOS CONSULTANTS<\/span><\/a><\/div><\/div><\/div><div class=\"fusion-clearfix\"><\/div><\/div><\/div><div class=\"fusion-layout-column fusion_builder_column fusion-builder-column-8 fusion_builder_column_1_4 1_4 fusion-one-fourth fusion-column-last\" style=\"--awb-bg-size:cover;width:25%;width:calc(25% - ( ( 4% + 4% ) * 0.25 ) );\"><div class=\"fusion-column-wrapper fusion-column-has-shadow fusion-flex-column-wrapper-legacy\"><div class=\"fusion-column-content-centered\"><div class=\"fusion-column-content\"><\/div><\/div><div class=\"fusion-clearfix\"><\/div><\/div><\/div><\/div><\/div><\/p>\n","protected":false},"excerpt":{"rendered":"","protected":false},"author":1,"featured_media":0,"parent":0,"menu_order":0,"comment_status":"closed","ping_status":"closed","template":"100-width.php","meta":{"footnotes":""},"class_list":["post-2002","page","type-page","status-publish","hentry"],"_links":{"self":[{"href":"https:\/\/www.mctrans.com\/index\/fr\/wp-json\/wp\/v2\/pages\/2002","targetHints":{"allow":["GET"]}}],"collection":[{"href":"https:\/\/www.mctrans.com\/index\/fr\/wp-json\/wp\/v2\/pages"}],"about":[{"href":"https:\/\/www.mctrans.com\/index\/fr\/wp-json\/wp\/v2\/types\/page"}],"author":[{"embeddable":true,"href":"https:\/\/www.mctrans.com\/index\/fr\/wp-json\/wp\/v2\/users\/1"}],"replies":[{"embeddable":true,"href":"https:\/\/www.mctrans.com\/index\/fr\/wp-json\/wp\/v2\/comments?post=2002"}],"version-history":[{"count":5,"href":"https:\/\/www.mctrans.com\/index\/fr\/wp-json\/wp\/v2\/pages\/2002\/revisions"}],"predecessor-version":[{"id":2264,"href":"https:\/\/www.mctrans.com\/index\/fr\/wp-json\/wp\/v2\/pages\/2002\/revisions\/2264"}],"wp:attachment":[{"href":"https:\/\/www.mctrans.com\/index\/fr\/wp-json\/wp\/v2\/media?parent=2002"}],"curies":[{"name":"wp","href":"https:\/\/api.w.org\/{rel}","templated":true}]}}