{"id":2124,"date":"2019-09-09T12:35:35","date_gmt":"2019-09-09T12:35:35","guid":{"rendered":"https:\/\/www.mctrans.com\/index\/servizi\/"},"modified":"2022-09-28T13:30:51","modified_gmt":"2022-09-28T13:30:51","slug":"dienstleistungen","status":"publish","type":"page","link":"https:\/\/www.mctrans.com\/index\/de\/dienstleistungen\/","title":{"rendered":"Dienstleistungen"},"content":{"rendered":"<p><div class=\"fusion-fullwidth fullwidth-box fusion-builder-row-1 nonhundred-percent-fullwidth non-hundred-percent-height-scrolling fusion-equal-height-columns\" style=\"--awb-background-position:right center;--awb-border-radius-top-left:0px;--awb-border-radius-top-right:0px;--awb-border-radius-bottom-right:0px;--awb-border-radius-bottom-left:0px;--awb-padding-top:6%;--awb-padding-bottom:6%;--awb-background-color:#0a428f;--awb-flex-wrap:wrap;\" ><div class=\"fusion-builder-row fusion-row\"><div class=\"fusion-layout-column fusion_builder_column fusion-builder-column-0 fusion_builder_column_2_3 2_3 fusion-two-third fusion-column-first\" style=\"--awb-bg-size:cover;width:66.666666666667%;width:calc(66.666666666667% - ( ( 4% ) * 0.66666666666667 ) );margin-right: 4%;\"><div class=\"fusion-column-wrapper fusion-column-has-shadow fusion-flex-column-wrapper-legacy\"><div class=\"fusion-column-content-centered\"><div class=\"fusion-column-content\"><div class=\"fusion-text fusion-text-1\"><h1><span style=\"color: #ffffff;\">Eine breite Palette innovativer Dienstleistungen und L\u00f6sungen: Im Mittelpunkt steht der Kunde.<\/span><\/h1>\n<\/div><\/div><\/div><div class=\"fusion-clearfix\"><\/div><\/div><\/div><div class=\"fusion-layout-column fusion_builder_column fusion-builder-column-1 fusion_builder_column_1_3 1_3 fusion-one-third fusion-column-last fusion-no-small-visibility fusion-no-medium-visibility\" style=\"--awb-bg-size:cover;width:33.333333333333%;width:calc(33.333333333333% - ( ( 4% ) * 0.33333333333333 ) );\"><div class=\"fusion-column-wrapper fusion-column-has-shadow fusion-flex-column-wrapper-legacy\"><div class=\"fusion-column-content-centered\"><div class=\"fusion-column-content\"><div class=\"fusion-image-element fusion-image-align-center in-legacy-container\" style=\"text-align:center;--awb-caption-title-font-family:var(--h2_typography-font-family);--awb-caption-title-font-weight:var(--h2_typography-font-weight);--awb-caption-title-font-style:var(--h2_typography-font-style);--awb-caption-title-size:var(--h2_typography-font-size);--awb-caption-title-transform:var(--h2_typography-text-transform);--awb-caption-title-line-height:var(--h2_typography-line-height);--awb-caption-title-letter-spacing:var(--h2_typography-letter-spacing);\"><div class=\"imageframe-align-center\"><span class=\" fusion-imageframe imageframe-none imageframe-1 hover-type-none\"><img decoding=\"async\" width=\"1251\" height=\"689\" title=\"MC Trans-icone-servizi\" src=\"https:\/\/www.mctrans.com\/index\/wp-content\/uploads\/2019\/10\/MC-Trans-icone-servizi.png\" alt class=\"img-responsive wp-image-1591\" srcset=\"https:\/\/www.mctrans.com\/index\/wp-content\/uploads\/2019\/10\/MC-Trans-icone-servizi-200x110.png 200w, https:\/\/www.mctrans.com\/index\/wp-content\/uploads\/2019\/10\/MC-Trans-icone-servizi-400x220.png 400w, https:\/\/www.mctrans.com\/index\/wp-content\/uploads\/2019\/10\/MC-Trans-icone-servizi-600x330.png 600w, https:\/\/www.mctrans.com\/index\/wp-content\/uploads\/2019\/10\/MC-Trans-icone-servizi-800x441.png 800w, https:\/\/www.mctrans.com\/index\/wp-content\/uploads\/2019\/10\/MC-Trans-icone-servizi-1200x661.png 1200w, https:\/\/www.mctrans.com\/index\/wp-content\/uploads\/2019\/10\/MC-Trans-icone-servizi.png 1251w\" sizes=\"(max-width: 1000px) 100vw, 600px\" \/><\/span><\/div><\/div><\/div><\/div><div class=\"fusion-clearfix\"><\/div><\/div><\/div><\/div><\/div><div class=\"fusion-fullwidth fullwidth-box fusion-builder-row-2 fusion-parallax-none nonhundred-percent-fullwidth non-hundred-percent-height-scrolling fusion-equal-height-columns\" style=\"--awb-background-position:right center;--awb-border-radius-top-left:0px;--awb-border-radius-top-right:0px;--awb-border-radius-bottom-right:0px;--awb-border-radius-bottom-left:0px;--awb-padding-top:8%;--awb-padding-bottom:6%;--awb-background-color:#f9fafc;--awb-background-image:url(&quot;https:\/\/www.mctrans.com\/index\/wp-content\/uploads\/2019\/09\/bg_strada5.jpg&quot;);--awb-background-size:cover;--awb-flex-wrap:wrap;\" ><div class=\"fusion-builder-row fusion-row\"><div class=\"fusion-layout-column fusion_builder_column fusion-builder-column-2 fusion_builder_column_1_2 1_2 fusion-one-half fusion-column-first\" style=\"--awb-bg-size:cover;width:50%;width:calc(50% - ( ( 4% ) * 0.5 ) );margin-right: 4%;\"><div class=\"fusion-column-wrapper fusion-column-has-shadow fusion-flex-column-wrapper-legacy\"><div class=\"fusion-column-content-centered\"><div class=\"fusion-column-content\"><div class=\"fusion-text fusion-text-2\"><h3>UNSERE DIENSTLEISTUNGEN.<\/h3>\n<\/div><div class=\"fusion-text fusion-text-3\"><p>Wir bieten unseren Kunden Infrastrukturen der erste Klasse:<\/p>\n<\/div><ul style=\"--awb-size:20px;--awb-line-height:34px;--awb-icon-width:34px;--awb-icon-height:34px;--awb-icon-margin:14px;--awb-content-margin:48px;--awb-circlecolor:#0a428f;--awb-circle-yes-font-size:17.6px;\" class=\"fusion-checklist fusion-checklist-1 fusion-checklist-default type-icons\"><li class=\"fusion-li-item\" style=\"\"><span class=\"icon-wrapper circle-yes\"><i class=\"fusion-li-icon fa-check-circle far\" aria-hidden=\"true\"><\/i><\/span><div class=\"fusion-li-item-content\">Ein 16.000 Quadratmeter Lager, in dem Waren sicher gelagert werden k\u00f6nnen<\/div><\/li><li class=\"fusion-li-item\" style=\"\"><span class=\"icon-wrapper circle-yes\"><i class=\"fusion-li-icon fa-check-circle far\" aria-hidden=\"true\"><\/i><\/span><div class=\"fusion-li-item-content\">Lagerpersonal mit spezifischer Erfahrung in der Verwaltung der Lagerung und Vorbereitung von Sendungen<\/div><\/li><li class=\"fusion-li-item\" style=\"\"><span class=\"icon-wrapper circle-yes\"><i class=\"fusion-li-icon fa-check-circle far\" aria-hidden=\"true\"><\/i><\/span><div class=\"fusion-li-item-content\">Unternehmensberater, die die Bewertung der Logistikkosten und Ihre Kostenkontrollanforderungen unterst\u00fctzen<\/div><\/li><li class=\"fusion-li-item\" style=\"\"><span class=\"icon-wrapper circle-yes\"><i class=\"fusion-li-icon fa-check-circle far\" aria-hidden=\"true\"><\/i><\/span><div class=\"fusion-li-item-content\">Ein Computersystem, mit dem Sie von Ihrem Schreibtisch aus immer \u00fcber die Verf\u00fcgbarkeit und Bewegungen des Lagers informiert werden k\u00f6nnen<\/div><\/li><\/ul><\/div><\/div><div class=\"fusion-clearfix\"><\/div><\/div><\/div><div class=\"fusion-layout-column fusion_builder_column fusion-builder-column-3 fusion_builder_column_1_2 1_2 fusion-one-half fusion-column-last\" style=\"--awb-bg-size:cover;width:50%;width:calc(50% - ( ( 4% ) * 0.5 ) );\"><div class=\"fusion-column-wrapper fusion-column-has-shadow fusion-flex-column-wrapper-legacy\"><div class=\"fusion-column-content-centered\"><div class=\"fusion-column-content\"><div class=\"fusion-image-element in-legacy-container\" style=\"--awb-caption-title-font-family:var(--h2_typography-font-family);--awb-caption-title-font-weight:var(--h2_typography-font-weight);--awb-caption-title-font-style:var(--h2_typography-font-style);--awb-caption-title-size:var(--h2_typography-font-size);--awb-caption-title-transform:var(--h2_typography-text-transform);--awb-caption-title-line-height:var(--h2_typography-line-height);--awb-caption-title-letter-spacing:var(--h2_typography-letter-spacing);\"><span class=\" fusion-imageframe imageframe-none imageframe-2 hover-type-none\"><img decoding=\"async\" width=\"900\" height=\"500\" title=\"servizi\" src=\"https:\/\/www.mctrans.com\/index\/wp-content\/uploads\/2019\/10\/servizi.jpg\" alt class=\"img-responsive wp-image-1691\" srcset=\"https:\/\/www.mctrans.com\/index\/wp-content\/uploads\/2019\/10\/servizi-200x111.jpg 200w, https:\/\/www.mctrans.com\/index\/wp-content\/uploads\/2019\/10\/servizi-400x222.jpg 400w, https:\/\/www.mctrans.com\/index\/wp-content\/uploads\/2019\/10\/servizi-600x333.jpg 600w, https:\/\/www.mctrans.com\/index\/wp-content\/uploads\/2019\/10\/servizi-800x444.jpg 800w, https:\/\/www.mctrans.com\/index\/wp-content\/uploads\/2019\/10\/servizi.jpg 900w\" sizes=\"(max-width: 1000px) 100vw, 800px\" \/><\/span><\/div><\/div><\/div><div class=\"fusion-clearfix\"><\/div><\/div><\/div><\/div><\/div><div id=\"servizi\" class=\"fusion-container-anchor\"><div class=\"fusion-fullwidth fullwidth-box fusion-builder-row-3 nonhundred-percent-fullwidth non-hundred-percent-height-scrolling fusion-equal-height-columns\" style=\"--awb-background-position:right center;--awb-border-radius-top-left:0px;--awb-border-radius-top-right:0px;--awb-border-radius-bottom-right:0px;--awb-border-radius-bottom-left:0px;--awb-padding-top:7%;--awb-padding-bottom:3%;--awb-background-color:#dae1e8;--awb-flex-wrap:wrap;\" ><div class=\"fusion-builder-row fusion-row\"><div class=\"fusion-layout-column fusion_builder_column fusion-builder-column-4 fusion_builder_column_1_1 1_1 fusion-one-full fusion-column-first fusion-column-last fusion-animated\" style=\"--awb-bg-size:cover;--awb-border-color:rgba(255,255,255,0);--awb-border-top:0;--awb-border-right:0;--awb-border-bottom:0;--awb-border-left:0;--awb-border-style:solid;\" data-animationType=\"fadeInDown\" data-animationDuration=\"0.6\" data-animationOffset=\"top-into-view\"><div class=\"fusion-column-wrapper fusion-column-has-shadow fusion-flex-column-wrapper-legacy\"><div class=\"fusion-column-content-centered\"><div class=\"fusion-column-content\"><div class=\"fusion-flip-boxes flip-boxes row fusion-columns-3 flip-effect-3d equal-heights\" style=\"--awb-flip-duration:0.8s;\"><div class=\"fusion-flip-box-wrapper fusion-column col-lg-4 col-md-4 col-sm-4\"><div class=\"fusion-flip-box flip-down\" tabindex=\"0\"><div class=\"flip-box-inner-wrapper\"><div class=\"flip-box-front\" style=\"--awb-icon-color:#ffffff;--awb-border-color:#ffffff;--awb-border-size:10px;--awb-background-color-front:#ffffff;--awb-title-front-color:#0b428f;--awb-text-front-color:#0b428f;\"><div class=\"flip-box-front-inner\"><div class=\"flip-box-grafix flip-box-image\"><img decoding=\"async\" src=\"https:\/\/www.mctrans.com\/index\/wp-content\/uploads\/2019\/10\/logistic-e1570092345534.png\" width=\"170\" height=\"170\" alt=\"\" \/><\/div><h2 class=\"flip-box-heading\">VERKEHR<\/h2>Wir setzen unsere Erfahrung ein, um logistische L\u00f6sungen zu identifizieren.<\/div><\/div><div class=\"flip-box-back\" style=\"--awb-icon-color:#ffffff;--awb-border-color:#ffffff;--awb-border-size:10px;--awb-background-color-back:#0b428f;--awb-title-back-color:#ffffff;--awb-text-back-color:#ffffff;\"><div class=\"flip-box-back-inner\"><h3 class=\"flip-box-heading-back\">VERKEHR<\/h3>\n<p>Wir bieten eine breite Palette von Verkehr Dienstleistungen an. Die Stecke, die wir einschlagen, um ein Angebot zu erhalten, das die Bed\u00fcrfnisse des Kunden vollst\u00e4ndig erf\u00fcllt, ist unsere St\u00e4rke: Beratung, Design und Implementierung. Die wird p\u00fcnktlich und pr\u00e4zise durchgef\u00fchrt.<\/p>\n<div class=\"fusion-button-wrapper\"><a class=\"fusion-button button-flat fusion-button-default-size button-default fusion-button-default button-1 fusion-button-default-span fusion-button-default-type\" target=\"_self\" href=\"\/index\/de\/verkehr\/\"><span class=\"fusion-button-text awb-button__text awb-button__text--default\">MEHR ERFAHREN<\/span><\/a><\/div><\/div><\/div><\/div><\/div><\/div><div class=\"fusion-flip-box-wrapper fusion-column col-lg-4 col-md-4 col-sm-4\"><div class=\"fusion-flip-box flip-down\" tabindex=\"0\"><div class=\"flip-box-inner-wrapper\"><div class=\"flip-box-front\" style=\"--awb-icon-color:#ffffff;--awb-border-color:#ffffff;--awb-border-size:10px;--awb-background-color-front:#ffffff;--awb-title-front-color:#0b428f;--awb-text-front-color:#0b428f;\"><div class=\"flip-box-front-inner\"><div class=\"flip-box-grafix flip-box-image\"><img decoding=\"async\" src=\"https:\/\/www.mctrans.com\/index\/wp-content\/uploads\/2019\/10\/warehouse-e1570093023398.png\" width=\"170\" height=\"170\" alt=\"\" \/><\/div><h2 class=\"flip-box-heading\">LAGER UND LOGISTIK<\/h2>Dank unserer integrierten L\u00f6sungen k\u00f6nnen Sie Ihr Lager absolut sicher dezentralisieren.<\/div><\/div><div class=\"flip-box-back\" style=\"--awb-icon-color:#ffffff;--awb-border-color:#ffffff;--awb-border-size:10px;--awb-background-color-back:#0b428f;--awb-title-back-color:#ffffff;--awb-text-back-color:#ffffff;\"><div class=\"flip-box-back-inner\"><h3 class=\"flip-box-heading-back\">LAGER UND LOGISTIK<\/h3>\n<p>Wir bieten unseren Kunden erstklassige Infrastrukturen: 16.000 Quadratmeter, organisiert und verwaltet von qualifiziertem Personal mit langj\u00e4hriger Erfahrung auf dem Gebiet der Lagerung und Vorbereitung von Sendungen.<\/p>\n<div class=\"fusion-button-wrapper\"><a class=\"fusion-button button-flat fusion-button-default-size button-default fusion-button-default button-2 fusion-button-default-span fusion-button-default-type\" target=\"_self\" href=\"\/index\/de\/lager\/\"><span class=\"fusion-button-text awb-button__text awb-button__text--default\">MEHR ERFAHREN<\/span><\/a><\/div><\/div><\/div><\/div><\/div><\/div><div class=\"fusion-flip-box-wrapper fusion-column col-lg-4 col-md-4 col-sm-4\"><div class=\"fusion-flip-box flip-down\" tabindex=\"0\"><div class=\"flip-box-inner-wrapper\"><div class=\"flip-box-front\" style=\"--awb-icon-color:#ffffff;--awb-border-color:#ffffff;--awb-border-size:10px;--awb-background-color-front:#ffffff;--awb-title-front-color:#0b428f;--awb-text-front-color:#0b428f;\"><div class=\"flip-box-front-inner\"><div class=\"flip-box-grafix flip-box-image\"><img decoding=\"async\" src=\"https:\/\/www.mctrans.com\/index\/wp-content\/uploads\/2019\/10\/custom-e1570093052984.png\" width=\"170\" height=\"170\" alt=\"\" \/><\/div><h2 class=\"flip-box-heading\">ZOLLBEHANDLUNGEN<\/h2>Erfahrung und Technologie, um jede Import- und Exportaktivit\u00e4t schnell und einfach zu machen.<\/div><\/div><div class=\"flip-box-back\" style=\"--awb-icon-color:#ffffff;--awb-border-color:#ffffff;--awb-border-size:10px;--awb-background-color-back:#0b428f;--awb-title-back-color:#ffffff;--awb-text-back-color:#ffffff;\"><div class=\"flip-box-back-inner\"><h3 class=\"flip-box-heading-back\">ZOLLBEHANDLUNGEN<\/h3>\n<p>Unsere Unternehmensrichtlinie besteht darin, den Kunden w\u00e4hrend des gesamten Prozesses zu unterst\u00fctzen, den ein kommerzieller Betrieb aus dem In- oder Ausland bietet: indem wir vorbeugende Beratung anbieten, um die Notwendigkeit von Genehmigungen und\/oder spezifischen Einschr\u00e4nkungen zu ermitteln und Prospekte in Bezug auf Mehrwertsteuer und Abgaben zu erstellen und Steuern, die den Lieferanten bei der korrekten Einstellung der Rechnung und der zugeh\u00f6rigen Bestandsdokumente bis zum Ausf\u00fcllen der Zollanmeldung unterst\u00fctzen und die elektronische Archivierung der Steuerdokumente und deren Konsultation f\u00fcr 10 Jahre gew\u00e4hrleisten.<\/p>\n<div class=\"fusion-button-wrapper\"><a class=\"fusion-button button-flat fusion-button-default-size button-default fusion-button-default button-3 fusion-button-default-span fusion-button-default-type\" target=\"_self\" href=\"\/index\/de\/ZOLLBEHANDLUNGEN\/\"><span class=\"fusion-button-text awb-button__text awb-button__text--default\">MEHR ERFAHREN<\/span><\/a><\/div><\/div><\/div><\/div><\/div><\/div><\/div><div class=\"clearfix\"><\/div><div class=\"fusion-sep-clear\"><\/div><div class=\"fusion-separator fusion-full-width-sep\" style=\"margin-left: auto;margin-right: auto;margin-top:-10px;width:100%;\"><\/div><div class=\"fusion-sep-clear\"><\/div><div class=\"fusion-flip-boxes flip-boxes row fusion-columns-3 flip-effect-3d equal-heights\" style=\"--awb-flip-duration:0.8s;\"><div class=\"fusion-flip-box-wrapper fusion-column col-lg-4 col-md-4 col-sm-4\"><div class=\"fusion-flip-box flip-down\" tabindex=\"0\"><div class=\"flip-box-inner-wrapper\"><div class=\"flip-box-front\" style=\"--awb-icon-color:#ffffff;--awb-border-color:#ffffff;--awb-border-size:10px;--awb-background-color-front:#ffffff;--awb-title-front-color:#0b428f;--awb-text-front-color:#0b428f;\"><div class=\"flip-box-front-inner\"><div class=\"flip-box-grafix flip-box-image\"><img decoding=\"async\" src=\"https:\/\/www.mctrans.com\/index\/wp-content\/uploads\/2019\/10\/inoutin-e1570093080148.png\" width=\"170\" height=\"170\" alt=\"\" \/><\/div><h2 class=\"flip-box-heading\">IN OUT IN<\/h2>Die innovative L\u00f6sung, um die hergestellte Einheit direkt an den Einsatzort zu liefern.<\/div><\/div><div class=\"flip-box-back\" style=\"--awb-icon-color:#ffffff;--awb-border-color:#ffffff;--awb-border-size:10px;--awb-background-color-back:#0b428f;--awb-title-back-color:#ffffff;--awb-text-back-color:#ffffff;\"><div class=\"flip-box-back-inner\"><h3 class=\"flip-box-heading-back\">IN OUT IN<\/h3>\n<p>InOutIn ist die innovative L\u00f6sung f\u00fcr den Warenverkehr, die entwickelt wurde, um die produzierte Einheit an den Einsatzort zu liefern: Basis des Systems sind patentierte elektrohydraulische Handhabungsl\u00f6sungen.<\/p>\n<div class=\"fusion-button-wrapper\"><a class=\"fusion-button button-flat fusion-button-default-size button-default fusion-button-default button-4 fusion-button-default-span fusion-button-default-type\" target=\"_self\" href=\"\/index\/de\/inoutin\/\"><span class=\"fusion-button-text awb-button__text awb-button__text--default\">MEHR ERFAHREN<\/span><\/a><\/div>\n<\/div><\/div><\/div><\/div><\/div><div class=\"fusion-flip-box-wrapper fusion-column col-lg-4 col-md-4 col-sm-4\"><div class=\"fusion-flip-box flip-down\" tabindex=\"0\"><div class=\"flip-box-inner-wrapper\"><div class=\"flip-box-front\" style=\"--awb-icon-color:#ffffff;--awb-border-color:#ffffff;--awb-border-size:10px;--awb-background-color-front:#ffffff;--awb-title-front-color:#0b428f;--awb-text-front-color:#0b428f;\"><div class=\"flip-box-front-inner\"><div class=\"flip-box-grafix flip-box-image\"><img decoding=\"async\" src=\"https:\/\/www.mctrans.com\/index\/wp-content\/uploads\/2019\/10\/printpack-e1570093452176.png\" width=\"170\" height=\"170\" alt=\"\" \/><\/div><h2 class=\"flip-box-heading\">PRINT&amp;PACK<\/h2>Die Komplettl\u00f6sung f\u00fcr die Herstellung gro\u00dfer Mengen von Verpackungsprodukten.<\/div><\/div><div class=\"flip-box-back\" style=\"--awb-icon-color:#ffffff;--awb-border-color:#ffffff;--awb-border-size:10px;--awb-background-color-back:#0b428f;--awb-title-back-color:#ffffff;--awb-text-back-color:#ffffff;\"><div class=\"flip-box-back-inner\"><h3 class=\"flip-box-heading-back\">PRINT&amp;PACK<\/h3>Eine einzigartige und integrierte L\u00f6sung f\u00fcr die Herstellung gro\u00dfer Mengen von Verpackungsprodukten von der Konzeption bis zur Befriedigung aller mechanischen und praktischen Anforderungen.<\/p>\n<div class=\"fusion-button-wrapper\"><a class=\"fusion-button button-flat fusion-button-default-size button-default fusion-button-default button-5 fusion-button-default-span fusion-button-default-type\" target=\"_self\" href=\"\/index\/de\/print-and-pack\/\"><span class=\"fusion-button-text awb-button__text awb-button__text--default\">MEHR ERFAHREN<\/span><\/a><\/div><\/div><\/div><\/div><\/div><\/div><div class=\"fusion-flip-box-wrapper fusion-column col-lg-4 col-md-4 col-sm-4\"><div class=\"fusion-flip-box flip-down\" tabindex=\"0\"><div class=\"flip-box-inner-wrapper\"><div class=\"flip-box-front\" style=\"--awb-icon-color:#ffffff;--awb-border-color:#ffffff;--awb-border-size:10px;--awb-background-color-front:#ffffff;--awb-title-front-color:#0b428f;--awb-text-front-color:#0b428f;\"><div class=\"flip-box-front-inner\"><div class=\"flip-box-grafix flip-box-image\"><img decoding=\"async\" src=\"https:\/\/www.mctrans.com\/index\/wp-content\/uploads\/2022\/09\/mare-aereo2.png\" width=\"170\" height=\"149\" alt=\"\" \/><\/div><h2 class=\"flip-box-heading\">SEE UND LUFT<\/h2>Auf dem See- und Luftweg erreichen wir jeden Ort.<\/div><\/div><div class=\"flip-box-back\" style=\"--awb-icon-color:#ffffff;--awb-border-color:#ffffff;--awb-border-size:10px;--awb-background-color-back:#0b428f;--awb-title-back-color:#ffffff;--awb-text-back-color:#ffffff;\"><div class=\"flip-box-back-inner\"><h3 class=\"flip-box-heading-back\">SEE UND LUFT<\/h3>\n<p>Unterst\u00fctzt durch ein ausgedehntes Agentennetz sind wir an den wichtigsten europ\u00e4ischen Drehkreuzen und sind wir an allen Hafenterminals pr\u00e4sent.<\/p>\n<div class=\"fusion-button-wrapper\"><a class=\"fusion-button button-flat fusion-button-default-size button-default fusion-button-default button-6 fusion-button-default-span fusion-button-default-type\" target=\"_self\" href=\"\/index\/de\/see-und-luft\/\"><span class=\"fusion-button-text awb-button__text awb-button__text--default\">MEHR ERFAHREN<\/span><\/a><\/div>\n<\/div><\/div><\/div><\/div><\/div><\/div><div class=\"clearfix\"><\/div><div class=\"fusion-sep-clear\"><\/div><div class=\"fusion-separator fusion-full-width-sep\" style=\"margin-left: auto;margin-right: auto;margin-top:-10px;width:100%;\"><\/div><div class=\"fusion-sep-clear\"><\/div><div class=\"fusion-flip-boxes flip-boxes row fusion-columns-1 flip-effect-3d equal-heights\" style=\"--awb-flip-duration:0.8s;\"><div class=\"fusion-flip-box-wrapper fusion-column col-lg-12 col-md-12 col-sm-12\"><div class=\"fusion-flip-box flip-down\" tabindex=\"0\"><div class=\"flip-box-inner-wrapper\"><div class=\"flip-box-front\" style=\"--awb-icon-color:#ffffff;--awb-border-color:#ffffff;--awb-border-size:10px;--awb-background-color-front:#ffffff;--awb-title-front-color:#0b428f;--awb-text-front-color:#0b428f;\"><div class=\"flip-box-front-inner\"><div class=\"flip-box-grafix flip-box-image\"><img decoding=\"async\" src=\"https:\/\/www.mctrans.com\/index\/wp-content\/uploads\/2019\/10\/digidec-e1570093117701.png\" width=\"170\" height=\"170\" alt=\"\" \/><\/div><h2 class=\"flip-box-heading\">ARCHIMEDE<\/h2>Einfach, prompt und sicher: Ihr digitales Archiv der Zollanmeldungen.<\/div><\/div><div class=\"flip-box-back\" style=\"--awb-icon-color:#ffffff;--awb-border-color:#ffffff;--awb-border-size:10px;--awb-background-color-back:#0b428f;--awb-title-back-color:#ffffff;--awb-text-back-color:#ffffff;\"><div class=\"flip-box-back-inner\"><h3 class=\"flip-box-heading-back\">ARCHIMEDE<\/h3>Angesichts der gesetzlichen Verpflichtung zur elektronischen Archivierung aller Einfuhrbesteuerungsentscheidungen hat Mc Trans eine einfache und sichere Methode zur Verwaltung der digitalen Archivierung von Zollanmeldungen entwickelt.<\/p>\n<div class=\"fusion-button-wrapper\"><a class=\"fusion-button button-flat fusion-button-default-size button-default fusion-button-default button-7 fusion-button-default-span fusion-button-default-type\" target=\"_self\" href=\"\/index\/de\/archimede\/\"><span class=\"fusion-button-text awb-button__text awb-button__text--default\">MEHR ERFAHREN<\/span><\/a><\/div><\/div><\/div><\/div><\/div><\/div><\/div><div class=\"clearfix\"><\/div><\/div><\/div><div class=\"fusion-clearfix\"><\/div><\/div><\/div><\/div><\/div><\/div><div class=\"fusion-fullwidth fullwidth-box fusion-builder-row-4 nonhundred-percent-fullwidth non-hundred-percent-height-scrolling fusion-equal-height-columns\" style=\"--awb-background-position:right center;--awb-border-radius-top-left:0px;--awb-border-radius-top-right:0px;--awb-border-radius-bottom-right:0px;--awb-border-radius-bottom-left:0px;--awb-padding-top:8%;--awb-padding-bottom:6%;--awb-background-color:#f9fafc;--awb-flex-wrap:wrap;\" ><div class=\"fusion-builder-row fusion-row\"><div class=\"fusion-layout-column fusion_builder_column fusion-builder-column-5 fusion_builder_column_1_4 1_4 fusion-one-fourth fusion-column-first\" style=\"--awb-bg-size:cover;width:25%;width:calc(25% - ( ( 4% + 4% ) * 0.25 ) );margin-right: 4%;\"><div class=\"fusion-column-wrapper fusion-column-has-shadow fusion-flex-column-wrapper-legacy\"><div class=\"fusion-column-content-centered\"><div class=\"fusion-column-content\"><\/div><\/div><div class=\"fusion-clearfix\"><\/div><\/div><\/div><div class=\"fusion-layout-column fusion_builder_column fusion-builder-column-6 fusion_builder_column_1_2 1_2 fusion-one-half\" style=\"--awb-bg-size:cover;width:50%;width:calc(50% - ( ( 4% + 4% ) * 0.5 ) );margin-right: 4%;\"><div class=\"fusion-column-wrapper fusion-column-has-shadow fusion-flex-column-wrapper-legacy\"><div class=\"fusion-column-content-centered\"><div class=\"fusion-column-content\"><div class=\"fusion-text fusion-text-4\"><h3 style=\"text-align: center;\">SUCHEN SIE EINE PERSONALISIERTE L\u00d6SUNG?<\/h3>\n<\/div><div class=\"fusion-sep-clear\"><\/div><div class=\"fusion-separator fusion-full-width-sep\" style=\"margin-left: auto;margin-right: auto;margin-top:30px;width:100%;\"><\/div><div class=\"fusion-sep-clear\"><\/div><div class=\"fusion-button-wrapper fusion-aligncenter\"><a class=\"fusion-button button-flat fusion-button-default-size button-default fusion-button-default button-8 fusion-button-default-span fusion-button-default-type\" target=\"_self\" href=\"\/index\/de\/kontakt\/\"><span class=\"fusion-button-icon-divider button-icon-divider-left\"><i class=\"fa-user-tie fas awb-button__icon awb-button__icon--default\" aria-hidden=\"true\"><\/i><\/span><span class=\"fusion-button-text awb-button__text awb-button__text--default fusion-button-text-left\">VERLASSEN SIE SICH AUF UNSERE BERATER<\/span><\/a><\/div><\/div><\/div><div class=\"fusion-clearfix\"><\/div><\/div><\/div><div class=\"fusion-layout-column fusion_builder_column fusion-builder-column-7 fusion_builder_column_1_4 1_4 fusion-one-fourth fusion-column-last\" style=\"--awb-bg-size:cover;width:25%;width:calc(25% - ( ( 4% + 4% ) * 0.25 ) );\"><div class=\"fusion-column-wrapper fusion-column-has-shadow fusion-flex-column-wrapper-legacy\"><div class=\"fusion-column-content-centered\"><div class=\"fusion-column-content\"><\/div><\/div><div class=\"fusion-clearfix\"><\/div><\/div><\/div><\/div><\/div><\/p>\n","protected":false},"excerpt":{"rendered":"","protected":false},"author":1,"featured_media":0,"parent":0,"menu_order":0,"comment_status":"closed","ping_status":"closed","template":"100-width.php","meta":{"footnotes":""},"class_list":["post-2124","page","type-page","status-publish","hentry"],"_links":{"self":[{"href":"https:\/\/www.mctrans.com\/index\/de\/wp-json\/wp\/v2\/pages\/2124","targetHints":{"allow":["GET"]}}],"collection":[{"href":"https:\/\/www.mctrans.com\/index\/de\/wp-json\/wp\/v2\/pages"}],"about":[{"href":"https:\/\/www.mctrans.com\/index\/de\/wp-json\/wp\/v2\/types\/page"}],"author":[{"embeddable":true,"href":"https:\/\/www.mctrans.com\/index\/de\/wp-json\/wp\/v2\/users\/1"}],"replies":[{"embeddable":true,"href":"https:\/\/www.mctrans.com\/index\/de\/wp-json\/wp\/v2\/comments?post=2124"}],"version-history":[{"count":4,"href":"https:\/\/www.mctrans.com\/index\/de\/wp-json\/wp\/v2\/pages\/2124\/revisions"}],"predecessor-version":[{"id":2499,"href":"https:\/\/www.mctrans.com\/index\/de\/wp-json\/wp\/v2\/pages\/2124\/revisions\/2499"}],"wp:attachment":[{"href":"https:\/\/www.mctrans.com\/index\/de\/wp-json\/wp\/v2\/media?parent=2124"}],"curies":[{"name":"wp","href":"https:\/\/api.w.org\/{rel}","templated":true}]}}